{"id":5294,"date":"2020-02-27T17:08:08","date_gmt":"2020-02-27T22:08:08","guid":{"rendered":"https:\/\/revivemedellin.com\/contact\/"},"modified":"2025-06-09T15:26:23","modified_gmt":"2025-06-09T15:26:23","slug":"contactanos","status":"publish","type":"page","link":"https:\/\/revivemedellin.com\/es\/contactanos\/","title":{"rendered":"Contacto"},"content":{"rendered":"<div class=\"gb-container gb-container-685f7e82\"><div class=\"gb-inside-container\">\n\n<h2 class=\"gb-headline gb-headline-cabd4264 gb-headline-text\"><em>Mantengamos el contacto<\/em><\/h2>\n\n\n\n<h1 class=\"gb-headline gb-headline-c49dc7a3 gb-headline-text\"><strong>cont\u00e1ctanos<\/strong><\/h1>\n\n<\/div><\/div>\n\n<div class=\"gb-container gb-container-52046b07\"><div class=\"gb-inside-container\">\n<div class=\"gb-grid-wrapper gb-grid-wrapper-c0a7dcbb\">\n<div class=\"gb-grid-column gb-grid-column-271f094a\"><div class=\"gb-container gb-container-271f094a\"><div class=\"gb-inside-container\">\n\n<h2 class=\"gb-headline gb-headline-18d29679 gb-headline-text\">Mantengamos el contacto<\/h2>\n\n\n\n<p>\u00bfTienes alguna pregunta? Ll\u00e1menos o env\u00edenos un correo electr\u00f3nico.<br \/>Estamos encantados de ayudarte con cualquier cosa. Nos encantar\u00eda recibirte en nuestra cl\u00ednica.<\/p>\n\n\n\n<div style=\"font-family: 'Segoe UI', sans-serif; color: #007934; font-size: 16px; line-height: 1.8;\">\n  <p>\n    \ud83d\udcde <strong>Ll\u00e1manos:<\/strong> <a href=\"tel:+573053770300\" style=\"color: #007934; text-decoration: none;\">+57 (305) 377-0300<\/a>\n  <\/p>\n  <p>\n    \ud83d\udce7 <a href=\"mailto:contacto@gizumedicina.com\" style=\"color: #007934; text-decoration: none;\">contacto@gizumedicina.com<\/a>\n  <\/p>\n  <p>\n    \ud83d\udccd Cl\u00ednica Medell\u00edn del Poblado, Consultorio 605\n  <\/p>\n<\/div>\n\n\n\n\n<figure class=\"wp-block-image size-full is-style-default\"><img loading=\"lazy\" decoding=\"async\" width=\"808\" height=\"486\" data-src=\"https:\/\/revivemedellin.com\/wp-content\/uploads\/2021\/12\/Contact1.png\" alt=\"point direction girl\" class=\"wp-image-5156 lazyload\" data-srcset=\"https:\/\/revivemedellin.com\/wp-content\/uploads\/2021\/12\/Contact1.png 808w, https:\/\/revivemedellin.com\/wp-content\/uploads\/2021\/12\/Contact1-300x180.png 300w, https:\/\/revivemedellin.com\/wp-content\/uploads\/2021\/12\/Contact1-768x462.png 768w\" data-sizes=\"auto, (max-width: 808px) 100vw, 808px\" src=\"data:image\/gif;base64,R0lGODlhAQABAAAAACH5BAEKAAEALAAAAAABAAEAAAICTAEAOw==\" style=\"--smush-placeholder-width: 808px; --smush-placeholder-aspect-ratio: 808\/486;\" \/><noscript><img loading=\"lazy\" decoding=\"async\" width=\"808\" height=\"486\" src=\"https:\/\/revivemedellin.com\/wp-content\/uploads\/2021\/12\/Contact1.png\" alt=\"point direction girl\" class=\"wp-image-5156\" srcset=\"https:\/\/revivemedellin.com\/wp-content\/uploads\/2021\/12\/Contact1.png 808w, https:\/\/revivemedellin.com\/wp-content\/uploads\/2021\/12\/Contact1-300x180.png 300w, https:\/\/revivemedellin.com\/wp-content\/uploads\/2021\/12\/Contact1-768x462.png 768w\" sizes=\"auto, (max-width: 808px) 100vw, 808px\" \/><\/noscript><\/figure>\n\n<\/div><\/div><\/div>\n\n<div class=\"gb-grid-column gb-grid-column-1146e043\"><div class=\"gb-container gb-container-1146e043\"><div class=\"gb-inside-container\">\n\n<div class=\"wpcf7 no-js\" id=\"wpcf7-f5158-o1\" lang=\"en-US\" dir=\"ltr\">\n<div class=\"screen-reader-response\"><p role=\"status\" aria-live=\"polite\" aria-atomic=\"true\"><\/p> <ul><\/ul><\/div>\n<form action=\"\/es\/wp-json\/wp\/v2\/pages\/5294#wpcf7-f5158-o1\" method=\"post\" class=\"wpcf7-form init\" aria-label=\"Contact form\" novalidate=\"novalidate\" data-status=\"init\">\n<div style=\"display: none;\">\n<input type=\"hidden\" name=\"_wpcf7\" value=\"5158\" \/>\n<input type=\"hidden\" name=\"_wpcf7_version\" value=\"5.9.8\" \/>\n<input type=\"hidden\" name=\"_wpcf7_locale\" value=\"en_US\" \/>\n<input type=\"hidden\" name=\"_wpcf7_unit_tag\" value=\"wpcf7-f5158-o1\" \/>\n<input type=\"hidden\" name=\"_wpcf7_container_post\" value=\"0\" \/>\n<input type=\"hidden\" name=\"_wpcf7_posted_data_hash\" value=\"\" \/>\n<\/div>\n<p><label> Complete name<br \/>\n<span class=\"wpcf7-form-control-wrap\" data-name=\"your-name\"><input size=\"40\" maxlength=\"400\" class=\"wpcf7-form-control wpcf7-text wpcf7-validates-as-required\" aria-required=\"true\" aria-invalid=\"false\" value=\"\" type=\"text\" name=\"your-name\" \/><\/span> <\/label>\n<\/p>\n<p><label> Email<br \/>\n<span class=\"wpcf7-form-control-wrap\" data-name=\"your-email\"><input size=\"40\" maxlength=\"400\" class=\"wpcf7-form-control wpcf7-email wpcf7-validates-as-required wpcf7-text wpcf7-validates-as-email\" aria-required=\"true\" aria-invalid=\"false\" value=\"\" type=\"email\" name=\"your-email\" \/><\/span> <\/label>\n<\/p>\n<p><label> Cellphone<br \/>\n<span class=\"wpcf7-form-control-wrap\" data-name=\"tel-399\"><input size=\"40\" maxlength=\"400\" class=\"wpcf7-form-control wpcf7-tel wpcf7-validates-as-required wpcf7-text wpcf7-validates-as-tel\" aria-required=\"true\" aria-invalid=\"false\" value=\"\" type=\"tel\" name=\"tel-399\" \/><\/span> <\/label>\n<\/p>\n<p><label> Address<br \/>\n<span class=\"wpcf7-form-control-wrap\" data-name=\"your-subject\"><input size=\"40\" maxlength=\"400\" class=\"wpcf7-form-control wpcf7-text wpcf7-validates-as-required\" aria-required=\"true\" aria-invalid=\"false\" value=\"\" type=\"text\" name=\"your-subject\" \/><\/span> <\/label>\n<\/p>\n<p><label> Message<br \/>\n<span class=\"wpcf7-form-control-wrap\" data-name=\"your-message\"><textarea cols=\"40\" rows=\"10\" maxlength=\"2000\" class=\"wpcf7-form-control wpcf7-textarea\" aria-invalid=\"false\" name=\"your-message\"><\/textarea><\/span> <\/label>\n<\/p>\n<p><input class=\"wpcf7-form-control wpcf7-submit has-spinner\" type=\"submit\" value=\"SEND\" \/>\n<\/p><div class=\"wpcf7-response-output\" aria-hidden=\"true\"><\/div>\n<\/form>\n<\/div>\n\n\n<\/div><\/div><\/div>\n<\/div>\n<\/div><\/div>","protected":false},"excerpt":{"rendered":"<p>Mantengamos el contacto cont\u00e1ctanos<\/p>\n","protected":false},"author":2,"featured_media":0,"parent":0,"menu_order":0,"comment_status":"closed","ping_status":"closed","template":"","meta":{"footnotes":""},"class_list":["post-5294","page","type-page","status-publish"],"yoast_head":"<!-- This site is optimized with the Yoast SEO plugin v23.2 - https:\/\/yoast.com\/wordpress\/plugins\/seo\/ -->\n<title>Revive Medell\u00edn - Cont\u00e1ctanos<\/title>\n<meta name=\"description\" content=\"Revive Medell\u00edn es la mejor cl\u00ednica de sueroterapia, localizada en El Poblado Medell\u00edn, Ll\u00e1manos al: 311 2344712 o vis\u00edtanos.\" \/>\n<meta name=\"robots\" content=\"index, follow, max-snippet:-1, max-image-preview:large, max-video-preview:-1\" \/>\n<link rel=\"canonical\" href=\"https:\/\/revivemedellin.com\/es\/contactanos\/\" \/>\n<meta property=\"og:locale\" content=\"es_ES\" \/>\n<meta property=\"og:type\" content=\"article\" \/>\n<meta property=\"og:title\" content=\"Revive Medell\u00edn - Cont\u00e1ctanos\" \/>\n<meta property=\"og:description\" content=\"Revive Medell\u00edn es la mejor cl\u00ednica de sueroterapia, localizada en El Poblado Medell\u00edn, Ll\u00e1manos al: 311 2344712 o vis\u00edtanos.\" \/>\n<meta property=\"og:url\" content=\"https:\/\/revivemedellin.com\/es\/contactanos\/\" \/>\n<meta property=\"og:site_name\" content=\"GI-ZU Centro de Medicina Alternativa\" \/>\n<meta property=\"article:modified_time\" content=\"2025-06-09T15:26:23+00:00\" \/>\n<meta property=\"og:image\" content=\"https:\/\/revivemedellin.com\/wp-content\/uploads\/2021\/12\/Contact1.png\" \/>\n<meta name=\"twitter:card\" content=\"summary_large_image\" \/>\n<meta name=\"twitter:label1\" content=\"Tiempo de lectura\" \/>\n\t<meta name=\"twitter:data1\" content=\"1 minuto\" \/>\n<script type=\"application\/ld+json\" class=\"yoast-schema-graph\">{\"@context\":\"https:\/\/schema.org\",\"@graph\":[{\"@type\":\"WebPage\",\"@id\":\"https:\/\/revivemedellin.com\/es\/contactanos\/\",\"url\":\"https:\/\/revivemedellin.com\/es\/contactanos\/\",\"name\":\"Revive Medell\u00edn - Cont\u00e1ctanos\",\"isPartOf\":{\"@id\":\"https:\/\/revivemedellin.com\/es\/#website\"},\"primaryImageOfPage\":{\"@id\":\"https:\/\/revivemedellin.com\/es\/contactanos\/#primaryimage\"},\"image\":{\"@id\":\"https:\/\/revivemedellin.com\/es\/contactanos\/#primaryimage\"},\"thumbnailUrl\":\"https:\/\/revivemedellin.com\/wp-content\/uploads\/2021\/12\/Contact1.png\",\"datePublished\":\"2020-02-27T22:08:08+00:00\",\"dateModified\":\"2025-06-09T15:26:23+00:00\",\"description\":\"Revive Medell\u00edn es la mejor cl\u00ednica de sueroterapia, localizada en El Poblado Medell\u00edn, Ll\u00e1manos al: 311 2344712 o vis\u00edtanos.\",\"breadcrumb\":{\"@id\":\"https:\/\/revivemedellin.com\/es\/contactanos\/#breadcrumb\"},\"inLanguage\":\"es\",\"potentialAction\":[{\"@type\":\"ReadAction\",\"target\":[\"https:\/\/revivemedellin.com\/es\/contactanos\/\"]}]},{\"@type\":\"ImageObject\",\"inLanguage\":\"es\",\"@id\":\"https:\/\/revivemedellin.com\/es\/contactanos\/#primaryimage\",\"url\":\"https:\/\/revivemedellin.com\/wp-content\/uploads\/2021\/12\/Contact1.png\",\"contentUrl\":\"https:\/\/revivemedellin.com\/wp-content\/uploads\/2021\/12\/Contact1.png\"},{\"@type\":\"BreadcrumbList\",\"@id\":\"https:\/\/revivemedellin.com\/es\/contactanos\/#breadcrumb\",\"itemListElement\":[{\"@type\":\"ListItem\",\"position\":1,\"name\":\"Home\",\"item\":\"https:\/\/revivemedellin.com\/es\/\"},{\"@type\":\"ListItem\",\"position\":2,\"name\":\"Contacto\"}]},{\"@type\":\"WebSite\",\"@id\":\"https:\/\/revivemedellin.com\/es\/#website\",\"url\":\"https:\/\/revivemedellin.com\/es\/\",\"name\":\"GI-ZU Centro de Medicina Alternativa\",\"description\":\"Sueroterapia en Medell\u00edn\",\"publisher\":{\"@id\":\"https:\/\/revivemedellin.com\/es\/#organization\"},\"potentialAction\":[{\"@type\":\"SearchAction\",\"target\":{\"@type\":\"EntryPoint\",\"urlTemplate\":\"https:\/\/revivemedellin.com\/es\/?s={search_term_string}\"},\"query-input\":\"required name=search_term_string\"}],\"inLanguage\":\"es\"},{\"@type\":\"Organization\",\"@id\":\"https:\/\/revivemedellin.com\/es\/#organization\",\"name\":\"GI-ZU Centro de Medicina Alternativa\",\"url\":\"https:\/\/revivemedellin.com\/es\/\",\"logo\":{\"@type\":\"ImageObject\",\"inLanguage\":\"es\",\"@id\":\"https:\/\/revivemedellin.com\/es\/#\/schema\/logo\/image\/\",\"url\":\"https:\/\/revivemedellin.com\/wp-content\/uploads\/2025\/06\/cropped-Frame-15.png\",\"contentUrl\":\"https:\/\/revivemedellin.com\/wp-content\/uploads\/2025\/06\/cropped-Frame-15.png\",\"width\":174,\"height\":71,\"caption\":\"GI-ZU Centro de Medicina Alternativa\"},\"image\":{\"@id\":\"https:\/\/revivemedellin.com\/es\/#\/schema\/logo\/image\/\"}}]}<\/script>\n<!-- \/ Yoast SEO plugin. -->","yoast_head_json":{"title":"Revive Medell\u00edn - Cont\u00e1ctanos","description":"Revive Medell\u00edn es la mejor cl\u00ednica de sueroterapia, localizada en El Poblado Medell\u00edn, Ll\u00e1manos al: 311 2344712 o vis\u00edtanos.","robots":{"index":"index","follow":"follow","max-snippet":"max-snippet:-1","max-image-preview":"max-image-preview:large","max-video-preview":"max-video-preview:-1"},"canonical":"https:\/\/revivemedellin.com\/es\/contactanos\/","og_locale":"es_ES","og_type":"article","og_title":"Revive Medell\u00edn - Cont\u00e1ctanos","og_description":"Revive Medell\u00edn es la mejor cl\u00ednica de sueroterapia, localizada en El Poblado Medell\u00edn, Ll\u00e1manos al: 311 2344712 o vis\u00edtanos.","og_url":"https:\/\/revivemedellin.com\/es\/contactanos\/","og_site_name":"GI-ZU Centro de Medicina Alternativa","article_modified_time":"2025-06-09T15:26:23+00:00","og_image":[{"url":"https:\/\/revivemedellin.com\/wp-content\/uploads\/2021\/12\/Contact1.png"}],"twitter_card":"summary_large_image","twitter_misc":{"Tiempo de lectura":"1 minuto"},"schema":{"@context":"https:\/\/schema.org","@graph":[{"@type":"WebPage","@id":"https:\/\/revivemedellin.com\/es\/contactanos\/","url":"https:\/\/revivemedellin.com\/es\/contactanos\/","name":"Revive Medell\u00edn - Cont\u00e1ctanos","isPartOf":{"@id":"https:\/\/revivemedellin.com\/es\/#website"},"primaryImageOfPage":{"@id":"https:\/\/revivemedellin.com\/es\/contactanos\/#primaryimage"},"image":{"@id":"https:\/\/revivemedellin.com\/es\/contactanos\/#primaryimage"},"thumbnailUrl":"https:\/\/revivemedellin.com\/wp-content\/uploads\/2021\/12\/Contact1.png","datePublished":"2020-02-27T22:08:08+00:00","dateModified":"2025-06-09T15:26:23+00:00","description":"Revive Medell\u00edn es la mejor cl\u00ednica de sueroterapia, localizada en El Poblado Medell\u00edn, Ll\u00e1manos al: 311 2344712 o vis\u00edtanos.","breadcrumb":{"@id":"https:\/\/revivemedellin.com\/es\/contactanos\/#breadcrumb"},"inLanguage":"es","potentialAction":[{"@type":"ReadAction","target":["https:\/\/revivemedellin.com\/es\/contactanos\/"]}]},{"@type":"ImageObject","inLanguage":"es","@id":"https:\/\/revivemedellin.com\/es\/contactanos\/#primaryimage","url":"https:\/\/revivemedellin.com\/wp-content\/uploads\/2021\/12\/Contact1.png","contentUrl":"https:\/\/revivemedellin.com\/wp-content\/uploads\/2021\/12\/Contact1.png"},{"@type":"BreadcrumbList","@id":"https:\/\/revivemedellin.com\/es\/contactanos\/#breadcrumb","itemListElement":[{"@type":"ListItem","position":1,"name":"Home","item":"https:\/\/revivemedellin.com\/es\/"},{"@type":"ListItem","position":2,"name":"Contacto"}]},{"@type":"WebSite","@id":"https:\/\/revivemedellin.com\/es\/#website","url":"https:\/\/revivemedellin.com\/es\/","name":"GI-ZU Centro de Medicina Alternativa","description":"Sueroterapia en Medell\u00edn","publisher":{"@id":"https:\/\/revivemedellin.com\/es\/#organization"},"potentialAction":[{"@type":"SearchAction","target":{"@type":"EntryPoint","urlTemplate":"https:\/\/revivemedellin.com\/es\/?s={search_term_string}"},"query-input":"required name=search_term_string"}],"inLanguage":"es"},{"@type":"Organization","@id":"https:\/\/revivemedellin.com\/es\/#organization","name":"GI-ZU Centro de Medicina Alternativa","url":"https:\/\/revivemedellin.com\/es\/","logo":{"@type":"ImageObject","inLanguage":"es","@id":"https:\/\/revivemedellin.com\/es\/#\/schema\/logo\/image\/","url":"https:\/\/revivemedellin.com\/wp-content\/uploads\/2025\/06\/cropped-Frame-15.png","contentUrl":"https:\/\/revivemedellin.com\/wp-content\/uploads\/2025\/06\/cropped-Frame-15.png","width":174,"height":71,"caption":"GI-ZU Centro de Medicina Alternativa"},"image":{"@id":"https:\/\/revivemedellin.com\/es\/#\/schema\/logo\/image\/"}}]}},"_links":{"self":[{"href":"https:\/\/revivemedellin.com\/es\/wp-json\/wp\/v2\/pages\/5294","targetHints":{"allow":["GET"]}}],"collection":[{"href":"https:\/\/revivemedellin.com\/es\/wp-json\/wp\/v2\/pages"}],"about":[{"href":"https:\/\/revivemedellin.com\/es\/wp-json\/wp\/v2\/types\/page"}],"author":[{"embeddable":true,"href":"https:\/\/revivemedellin.com\/es\/wp-json\/wp\/v2\/users\/2"}],"replies":[{"embeddable":true,"href":"https:\/\/revivemedellin.com\/es\/wp-json\/wp\/v2\/comments?post=5294"}],"version-history":[{"count":8,"href":"https:\/\/revivemedellin.com\/es\/wp-json\/wp\/v2\/pages\/5294\/revisions"}],"predecessor-version":[{"id":5472,"href":"https:\/\/revivemedellin.com\/es\/wp-json\/wp\/v2\/pages\/5294\/revisions\/5472"}],"wp:attachment":[{"href":"https:\/\/revivemedellin.com\/es\/wp-json\/wp\/v2\/media?parent=5294"}],"curies":[{"name":"wp","href":"https:\/\/api.w.org\/{rel}","templated":true}]}}